{"id":143,"date":"2024-02-16T09:23:27","date_gmt":"2024-02-16T08:23:27","guid":{"rendered":"https:\/\/theguiltyfinger.com\/?page_id=143"},"modified":"2024-04-15T10:54:32","modified_gmt":"2024-04-15T08:54:32","slug":"biographie","status":"publish","type":"page","link":"https:\/\/theguiltyfinger.com\/?page_id=143","title":{"rendered":"Biographie"},"content":{"rendered":"\n<figure class=\"wp-block-image size-large\"><img loading=\"lazy\" decoding=\"async\" width=\"1024\" height=\"457\" src=\"https:\/\/theguiltyfinger.com\/wp-content\/uploads\/2024\/02\/Band-Banner-1024x457.jpg\" alt=\"\" class=\"wp-image-154\" srcset=\"https:\/\/theguiltyfinger.com\/wp-content\/uploads\/2024\/02\/Band-Banner-1024x457.jpg 1024w, https:\/\/theguiltyfinger.com\/wp-content\/uploads\/2024\/02\/Band-Banner-300x134.jpg 300w, https:\/\/theguiltyfinger.com\/wp-content\/uploads\/2024\/02\/Band-Banner-768x343.jpg 768w, https:\/\/theguiltyfinger.com\/wp-content\/uploads\/2024\/02\/Band-Banner-1536x686.jpg 1536w, https:\/\/theguiltyfinger.com\/wp-content\/uploads\/2024\/02\/Band-Banner-2048x915.jpg 2048w, https:\/\/theguiltyfinger.com\/wp-content\/uploads\/2024\/02\/Band-Banner-500x223.jpg 500w\" sizes=\"auto, (max-width: 1024px) 100vw, 1024px\" \/><\/figure>\n\n\n\n<p>Form\u00e9 en 2015 par le batteur fran\u00e7ais Vincent Bories et le guitariste anglais Adrian Penketh, et rejoint en 2021 par leurs amis Manu Benois (basse, claviers) et Fred Salles (guitares, chant), The Guilty Finger est un groupe de rock franco-britannique bas\u00e9 \u00e0 Grenoble. Leur musique est une fusion de rock des ann\u00e9es 1970 et de pop britannique des ann\u00e9es 1990, en passant par le post-punk et le folk am\u00e9ricain.<\/p>\n\n\n\n<p><em>Formed in 2015 by French drummer Vincent Bories and English guitarist and songwriter Adrian Penketh, and joined in 2021 by long-time friends Manu Benois (bass, keyboards) and Fred Salles (guitars, vocals), The Guilty Finger is a Franco-British rock band based in Grenoble, France. Their music is a fusion of 1970s Rock and 1990s British Pop, passing by way of post-punk and steel-stringed Americana.<\/em><\/p>\n","protected":false},"excerpt":{"rendered":"<p>Form\u00e9 en 2015 par le batteur fran\u00e7ais Vincent Bories et le guitariste anglais Adrian Penketh, et rejoint en 2021 par leurs amis Manu Benois (basse, claviers) et Fred Salles (guitares, chant), The Guilty Finger est un groupe de rock franco-britannique &hellip; <a href=\"https:\/\/theguiltyfinger.com\/?page_id=143\">Continuer la lecture <span class=\"meta-nav\">&rarr;<\/span><\/a><\/p>\n","protected":false},"author":1,"featured_media":0,"parent":0,"menu_order":0,"comment_status":"closed","ping_status":"closed","template":"","meta":{"footnotes":""},"class_list":["post-143","page","type-page","status-publish","hentry"],"_links":{"self":[{"href":"https:\/\/theguiltyfinger.com\/index.php?rest_route=\/wp\/v2\/pages\/143","targetHints":{"allow":["GET"]}}],"collection":[{"href":"https:\/\/theguiltyfinger.com\/index.php?rest_route=\/wp\/v2\/pages"}],"about":[{"href":"https:\/\/theguiltyfinger.com\/index.php?rest_route=\/wp\/v2\/types\/page"}],"author":[{"embeddable":true,"href":"https:\/\/theguiltyfinger.com\/index.php?rest_route=\/wp\/v2\/users\/1"}],"replies":[{"embeddable":true,"href":"https:\/\/theguiltyfinger.com\/index.php?rest_route=%2Fwp%2Fv2%2Fcomments&post=143"}],"version-history":[{"count":11,"href":"https:\/\/theguiltyfinger.com\/index.php?rest_route=\/wp\/v2\/pages\/143\/revisions"}],"predecessor-version":[{"id":313,"href":"https:\/\/theguiltyfinger.com\/index.php?rest_route=\/wp\/v2\/pages\/143\/revisions\/313"}],"wp:attachment":[{"href":"https:\/\/theguiltyfinger.com\/index.php?rest_route=%2Fwp%2Fv2%2Fmedia&parent=143"}],"curies":[{"name":"wp","href":"https:\/\/api.w.org\/{rel}","templated":true}]}}